{"id":4680,"date":"2024-11-20T08:50:27","date_gmt":"2024-11-20T11:50:27","guid":{"rendered":"https:\/\/oroverde.gob.ar\/portal\/?page_id=4680"},"modified":"2026-01-16T07:02:54","modified_gmt":"2026-01-16T10:02:54","slug":"piletas-municipales","status":"publish","type":"page","link":"https:\/\/oroverde.gob.ar\/portal\/piletas-municipales\/","title":{"rendered":"PILETAS MUNICIPALES"},"content":{"rendered":"\t\t<div data-elementor-type=\"wp-page\" data-elementor-id=\"4680\" class=\"elementor elementor-4680\">\n\t\t\t\t<div class=\"elementor-element elementor-element-060ed9a e-con-full e-flex e-con e-parent\" data-id=\"060ed9a\" data-element_type=\"container\" data-e-type=\"container\">\n\t\t\t\t<div class=\"elementor-element elementor-element-5f9c6eb elementor-widget elementor-widget-elementskit-heading\" data-id=\"5f9c6eb\" data-element_type=\"widget\" data-e-type=\"widget\" data-widget_type=\"elementskit-heading.default\">\n\t\t\t\t<div class=\"elementor-widget-container\">\n\t\t\t\t\t<div class=\"ekit-wid-con\" ><div class=\"ekit-heading elementskit-section-title-wraper text_left   ekit_heading_tablet-   ekit_heading_mobile-\">\t\t\t\t<span class='ekit-heading__shadow-text'>\n\t\t\t\t\tverano 2026\t\t\t\t<\/span>\n\t\t\t<h6 class=\"elementskit-section-subtitle  elementskit-style-border\">\n\t\t\t\t\t\tTarifas Temporada 2026\n\t\t\t\t\t<\/h6><h2 class=\"ekit-heading--title elementskit-section-title \">Complejo de Piletas <span><span>Municipales<\/span><\/span><\/h2>\t\t\t\t<div class='ekit-heading__description'>\n\t\t\t\t\t<p><span style=\"font-family: 'trebuchet ms', geneva, sans-serif;font-size: 12pt;color: #000000\">El Municipio de Oro Verde informa las tarifas que se aplican en el Complejo Municipal de Piletas por los servicios brindados en la temporada 2025-2026.<\/span><\/p>\n\t\t\t\t<\/div>\n\t\t\t<\/div><\/div>\t\t\t\t<\/div>\n\t\t\t\t<\/div>\n\t\t\t\t<\/div>\n\t\t<div class=\"elementor-element elementor-element-584eece e-flex e-con-boxed e-con e-parent\" data-id=\"584eece\" data-element_type=\"container\" data-e-type=\"container\">\n\t\t\t\t\t<div class=\"e-con-inner\">\n\t\t\t\t<div class=\"elementor-element elementor-element-0aa6ef1 elementor-widget elementor-widget-text-editor\" data-id=\"0aa6ef1\" data-element_type=\"widget\" data-e-type=\"widget\" data-widget_type=\"text-editor.default\">\n\t\t\t\t<div class=\"elementor-widget-container\">\n\t\t\t\t\t\t\t\t\t<p class=\"rtejustify\"><span style=\"font-family: 'trebuchet ms', geneva, sans-serif; font-size: 12pt; color: #000000;\">El Complejo de Piletas solo est\u00e1 abierto al p\u00fablico durante la temporada de verano.<\/span><\/p><p><span style=\"font-family: 'trebuchet ms', geneva, sans-serif; color: #000000; font-size: 12pt;\"><strong>Requisitos, precios y horarios<\/strong><\/span><\/p><p><span style=\"font-family: 'trebuchet ms', geneva, sans-serif; color: #000000; font-size: 12pt;\">Para ingresar a las piletas es obligatorio realizarse una revisaci\u00f3n m\u00e9dica que se hace de forma gratuita con un profesional de la salud en el mismo complejo, la primera vez que se ingresa y tiene una validez de 30 d\u00edas.<\/span><\/p><p><span style=\"font-family: 'trebuchet ms', geneva, sans-serif; font-size: 12pt; color: #000000;\">En cuanto los horarios, el Complejo estar\u00e1 abierto todos los d\u00edas. Funciona de lunes a jueves de 13:00 a 20:30, los viernes, s\u00e1bados y v\u00edsperas de feriados de 13:00 a 21:00. Domingos y feriados de 13:00 a 20:30. Los vecinos de Oro Verde tienen descuento sobre la entrada general.<\/span><\/p>\t\t\t\t\t\t\t\t<\/div>\n\t\t\t\t<\/div>\n\t\t\t\t\t<\/div>\n\t\t\t\t<\/div>\n\t\t<div class=\"elementor-element elementor-element-634d8cb e-flex e-con-boxed e-con e-parent\" data-id=\"634d8cb\" data-element_type=\"container\" data-e-type=\"container\">\n\t\t\t\t\t<div class=\"e-con-inner\">\n\t\t\t\t<div class=\"elementor-element elementor-element-16ce9b4 elementor-widget elementor-widget-image\" data-id=\"16ce9b4\" data-element_type=\"widget\" data-e-type=\"widget\" data-widget_type=\"image.default\">\n\t\t\t\t<div class=\"elementor-widget-container\">\n\t\t\t\t\t\t\t\t\t\t\t\t\t\t\t<img fetchpriority=\"high\" decoding=\"async\" width=\"847\" height=\"1024\" src=\"https:\/\/oroverde.gob.ar\/portal\/wp-content\/uploads\/2026\/01\/588989409_18095048140876430_2322871775477762805_n-847x1024.jpg\" class=\"attachment-large size-large wp-image-7730\" alt=\"\" srcset=\"https:\/\/oroverde.gob.ar\/portal\/wp-content\/uploads\/2026\/01\/588989409_18095048140876430_2322871775477762805_n-847x1024.jpg 847w, https:\/\/oroverde.gob.ar\/portal\/wp-content\/uploads\/2026\/01\/588989409_18095048140876430_2322871775477762805_n-248x300.jpg 248w, https:\/\/oroverde.gob.ar\/portal\/wp-content\/uploads\/2026\/01\/588989409_18095048140876430_2322871775477762805_n-768x928.jpg 768w, https:\/\/oroverde.gob.ar\/portal\/wp-content\/uploads\/2026\/01\/588989409_18095048140876430_2322871775477762805_n-535x646.jpg 535w, https:\/\/oroverde.gob.ar\/portal\/wp-content\/uploads\/2026\/01\/588989409_18095048140876430_2322871775477762805_n.jpg 1080w\" sizes=\"(max-width: 847px) 100vw, 847px\" \/>\t\t\t\t\t\t\t\t\t\t\t\t\t\t\t<\/div>\n\t\t\t\t<\/div>\n\t\t\t\t\t<\/div>\n\t\t\t\t<\/div>\n\t\t\t\t<\/div>\n\t\t","protected":false},"excerpt":{"rendered":"<p>verano 2026 Tarifas Temporada 2026 Complejo de Piletas Municipales El Municipio de Oro Verde informa las tarifas que se aplican en el Complejo Municipal de Piletas por los servicios brindados en la temporada 2025-2026. El Complejo de Piletas solo est\u00e1 abierto al p\u00fablico &hellip;<\/p>\n","protected":false},"author":1,"featured_media":4677,"parent":0,"menu_order":0,"comment_status":"closed","ping_status":"closed","template":"","meta":{"footnotes":""},"class_list":["post-4680","page","type-page","status-publish","has-post-thumbnail","hentry"],"yoast_head":"<!-- This site is optimized with the Yoast SEO plugin v27.3 - https:\/\/yoast.com\/product\/yoast-seo-wordpress\/ -->\n<title>PILETAS MUNICIPALES - Municipio de Oro Verde<\/title>\n<meta name=\"robots\" content=\"index, follow, max-snippet:-1, max-image-preview:large, max-video-preview:-1\" \/>\n<link rel=\"canonical\" href=\"https:\/\/oroverde.gob.ar\/portal\/piletas-municipales\/\" \/>\n<meta property=\"og:locale\" content=\"es_ES\" \/>\n<meta property=\"og:type\" content=\"article\" \/>\n<meta property=\"og:title\" content=\"PILETAS MUNICIPALES - Municipio de Oro Verde\" \/>\n<meta property=\"og:description\" content=\"verano 2026 Tarifas Temporada 2026 Complejo de Piletas Municipales El Municipio de Oro Verde informa las tarifas que se aplican en el Complejo Municipal de Piletas por los servicios brindados en la temporada 2025-2026. El Complejo de Piletas solo est\u00e1 abierto al p\u00fablico &hellip;\" \/>\n<meta property=\"og:url\" content=\"https:\/\/oroverde.gob.ar\/portal\/piletas-municipales\/\" \/>\n<meta property=\"og:site_name\" content=\"Municipio de Oro Verde\" \/>\n<meta property=\"article:modified_time\" content=\"2026-01-16T10:02:54+00:00\" \/>\n<meta property=\"og:image\" content=\"https:\/\/oroverde.gob.ar\/portal\/wp-content\/uploads\/2024\/11\/3a7adeda-d5f5-4a0c-8811-c4e7041bbc94.jpeg\" \/>\n\t<meta property=\"og:image:width\" content=\"1600\" \/>\n\t<meta property=\"og:image:height\" content=\"908\" \/>\n\t<meta property=\"og:image:type\" content=\"image\/jpeg\" \/>\n<meta name=\"twitter:card\" content=\"summary_large_image\" \/>\n<meta name=\"twitter:label1\" content=\"Tiempo de lectura\" \/>\n\t<meta name=\"twitter:data1\" content=\"1 minuto\" \/>\n<script type=\"application\/ld+json\" class=\"yoast-schema-graph\">{\"@context\":\"https:\\\/\\\/schema.org\",\"@graph\":[{\"@type\":\"WebPage\",\"@id\":\"https:\\\/\\\/oroverde.gob.ar\\\/portal\\\/piletas-municipales\\\/\",\"url\":\"https:\\\/\\\/oroverde.gob.ar\\\/portal\\\/piletas-municipales\\\/\",\"name\":\"PILETAS MUNICIPALES - Municipio de Oro Verde\",\"isPartOf\":{\"@id\":\"https:\\\/\\\/oroverde.gob.ar\\\/portal\\\/#website\"},\"primaryImageOfPage\":{\"@id\":\"https:\\\/\\\/oroverde.gob.ar\\\/portal\\\/piletas-municipales\\\/#primaryimage\"},\"image\":{\"@id\":\"https:\\\/\\\/oroverde.gob.ar\\\/portal\\\/piletas-municipales\\\/#primaryimage\"},\"thumbnailUrl\":\"https:\\\/\\\/oroverde.gob.ar\\\/portal\\\/wp-content\\\/uploads\\\/2024\\\/11\\\/3a7adeda-d5f5-4a0c-8811-c4e7041bbc94.jpeg\",\"datePublished\":\"2024-11-20T11:50:27+00:00\",\"dateModified\":\"2026-01-16T10:02:54+00:00\",\"breadcrumb\":{\"@id\":\"https:\\\/\\\/oroverde.gob.ar\\\/portal\\\/piletas-municipales\\\/#breadcrumb\"},\"inLanguage\":\"es\",\"potentialAction\":[{\"@type\":\"ReadAction\",\"target\":[\"https:\\\/\\\/oroverde.gob.ar\\\/portal\\\/piletas-municipales\\\/\"]}]},{\"@type\":\"ImageObject\",\"inLanguage\":\"es\",\"@id\":\"https:\\\/\\\/oroverde.gob.ar\\\/portal\\\/piletas-municipales\\\/#primaryimage\",\"url\":\"https:\\\/\\\/oroverde.gob.ar\\\/portal\\\/wp-content\\\/uploads\\\/2024\\\/11\\\/3a7adeda-d5f5-4a0c-8811-c4e7041bbc94.jpeg\",\"contentUrl\":\"https:\\\/\\\/oroverde.gob.ar\\\/portal\\\/wp-content\\\/uploads\\\/2024\\\/11\\\/3a7adeda-d5f5-4a0c-8811-c4e7041bbc94.jpeg\",\"width\":1600,\"height\":908},{\"@type\":\"BreadcrumbList\",\"@id\":\"https:\\\/\\\/oroverde.gob.ar\\\/portal\\\/piletas-municipales\\\/#breadcrumb\",\"itemListElement\":[{\"@type\":\"ListItem\",\"position\":1,\"name\":\"Portada\",\"item\":\"https:\\\/\\\/oroverde.gob.ar\\\/portal\\\/\"},{\"@type\":\"ListItem\",\"position\":2,\"name\":\"PILETAS MUNICIPALES\"}]},{\"@type\":\"WebSite\",\"@id\":\"https:\\\/\\\/oroverde.gob.ar\\\/portal\\\/#website\",\"url\":\"https:\\\/\\\/oroverde.gob.ar\\\/portal\\\/\",\"name\":\"Municipio de Oro Verde\",\"description\":\"Web Oficial\",\"publisher\":{\"@id\":\"https:\\\/\\\/oroverde.gob.ar\\\/portal\\\/#organization\"},\"potentialAction\":[{\"@type\":\"SearchAction\",\"target\":{\"@type\":\"EntryPoint\",\"urlTemplate\":\"https:\\\/\\\/oroverde.gob.ar\\\/portal\\\/?s={search_term_string}\"},\"query-input\":{\"@type\":\"PropertyValueSpecification\",\"valueRequired\":true,\"valueName\":\"search_term_string\"}}],\"inLanguage\":\"es\"},{\"@type\":\"Organization\",\"@id\":\"https:\\\/\\\/oroverde.gob.ar\\\/portal\\\/#organization\",\"name\":\"Municipio de Oro Verde\",\"url\":\"https:\\\/\\\/oroverde.gob.ar\\\/portal\\\/\",\"logo\":{\"@type\":\"ImageObject\",\"inLanguage\":\"es\",\"@id\":\"https:\\\/\\\/oroverde.gob.ar\\\/portal\\\/#\\\/schema\\\/logo\\\/image\\\/\",\"url\":\"https:\\\/\\\/oroverde.gob.ar\\\/portal\\\/wp-content\\\/uploads\\\/2024\\\/06\\\/cropped-cropped-logo-1.png\",\"contentUrl\":\"https:\\\/\\\/oroverde.gob.ar\\\/portal\\\/wp-content\\\/uploads\\\/2024\\\/06\\\/cropped-cropped-logo-1.png\",\"width\":1776,\"height\":738,\"caption\":\"Municipio de Oro Verde\"},\"image\":{\"@id\":\"https:\\\/\\\/oroverde.gob.ar\\\/portal\\\/#\\\/schema\\\/logo\\\/image\\\/\"}}]}<\/script>\n<!-- \/ Yoast SEO plugin. -->","yoast_head_json":{"title":"PILETAS MUNICIPALES - Municipio de Oro Verde","robots":{"index":"index","follow":"follow","max-snippet":"max-snippet:-1","max-image-preview":"max-image-preview:large","max-video-preview":"max-video-preview:-1"},"canonical":"https:\/\/oroverde.gob.ar\/portal\/piletas-municipales\/","og_locale":"es_ES","og_type":"article","og_title":"PILETAS MUNICIPALES - Municipio de Oro Verde","og_description":"verano 2026 Tarifas Temporada 2026 Complejo de Piletas Municipales El Municipio de Oro Verde informa las tarifas que se aplican en el Complejo Municipal de Piletas por los servicios brindados en la temporada 2025-2026. El Complejo de Piletas solo est\u00e1 abierto al p\u00fablico &hellip;","og_url":"https:\/\/oroverde.gob.ar\/portal\/piletas-municipales\/","og_site_name":"Municipio de Oro Verde","article_modified_time":"2026-01-16T10:02:54+00:00","og_image":[{"width":1600,"height":908,"url":"https:\/\/oroverde.gob.ar\/portal\/wp-content\/uploads\/2024\/11\/3a7adeda-d5f5-4a0c-8811-c4e7041bbc94.jpeg","type":"image\/jpeg"}],"twitter_card":"summary_large_image","twitter_misc":{"Tiempo de lectura":"1 minuto"},"schema":{"@context":"https:\/\/schema.org","@graph":[{"@type":"WebPage","@id":"https:\/\/oroverde.gob.ar\/portal\/piletas-municipales\/","url":"https:\/\/oroverde.gob.ar\/portal\/piletas-municipales\/","name":"PILETAS MUNICIPALES - Municipio de Oro Verde","isPartOf":{"@id":"https:\/\/oroverde.gob.ar\/portal\/#website"},"primaryImageOfPage":{"@id":"https:\/\/oroverde.gob.ar\/portal\/piletas-municipales\/#primaryimage"},"image":{"@id":"https:\/\/oroverde.gob.ar\/portal\/piletas-municipales\/#primaryimage"},"thumbnailUrl":"https:\/\/oroverde.gob.ar\/portal\/wp-content\/uploads\/2024\/11\/3a7adeda-d5f5-4a0c-8811-c4e7041bbc94.jpeg","datePublished":"2024-11-20T11:50:27+00:00","dateModified":"2026-01-16T10:02:54+00:00","breadcrumb":{"@id":"https:\/\/oroverde.gob.ar\/portal\/piletas-municipales\/#breadcrumb"},"inLanguage":"es","potentialAction":[{"@type":"ReadAction","target":["https:\/\/oroverde.gob.ar\/portal\/piletas-municipales\/"]}]},{"@type":"ImageObject","inLanguage":"es","@id":"https:\/\/oroverde.gob.ar\/portal\/piletas-municipales\/#primaryimage","url":"https:\/\/oroverde.gob.ar\/portal\/wp-content\/uploads\/2024\/11\/3a7adeda-d5f5-4a0c-8811-c4e7041bbc94.jpeg","contentUrl":"https:\/\/oroverde.gob.ar\/portal\/wp-content\/uploads\/2024\/11\/3a7adeda-d5f5-4a0c-8811-c4e7041bbc94.jpeg","width":1600,"height":908},{"@type":"BreadcrumbList","@id":"https:\/\/oroverde.gob.ar\/portal\/piletas-municipales\/#breadcrumb","itemListElement":[{"@type":"ListItem","position":1,"name":"Portada","item":"https:\/\/oroverde.gob.ar\/portal\/"},{"@type":"ListItem","position":2,"name":"PILETAS MUNICIPALES"}]},{"@type":"WebSite","@id":"https:\/\/oroverde.gob.ar\/portal\/#website","url":"https:\/\/oroverde.gob.ar\/portal\/","name":"Municipio de Oro Verde","description":"Web Oficial","publisher":{"@id":"https:\/\/oroverde.gob.ar\/portal\/#organization"},"potentialAction":[{"@type":"SearchAction","target":{"@type":"EntryPoint","urlTemplate":"https:\/\/oroverde.gob.ar\/portal\/?s={search_term_string}"},"query-input":{"@type":"PropertyValueSpecification","valueRequired":true,"valueName":"search_term_string"}}],"inLanguage":"es"},{"@type":"Organization","@id":"https:\/\/oroverde.gob.ar\/portal\/#organization","name":"Municipio de Oro Verde","url":"https:\/\/oroverde.gob.ar\/portal\/","logo":{"@type":"ImageObject","inLanguage":"es","@id":"https:\/\/oroverde.gob.ar\/portal\/#\/schema\/logo\/image\/","url":"https:\/\/oroverde.gob.ar\/portal\/wp-content\/uploads\/2024\/06\/cropped-cropped-logo-1.png","contentUrl":"https:\/\/oroverde.gob.ar\/portal\/wp-content\/uploads\/2024\/06\/cropped-cropped-logo-1.png","width":1776,"height":738,"caption":"Municipio de Oro Verde"},"image":{"@id":"https:\/\/oroverde.gob.ar\/portal\/#\/schema\/logo\/image\/"}}]}},"_links":{"self":[{"href":"https:\/\/oroverde.gob.ar\/portal\/wp-json\/wp\/v2\/pages\/4680","targetHints":{"allow":["GET"]}}],"collection":[{"href":"https:\/\/oroverde.gob.ar\/portal\/wp-json\/wp\/v2\/pages"}],"about":[{"href":"https:\/\/oroverde.gob.ar\/portal\/wp-json\/wp\/v2\/types\/page"}],"author":[{"embeddable":true,"href":"https:\/\/oroverde.gob.ar\/portal\/wp-json\/wp\/v2\/users\/1"}],"replies":[{"embeddable":true,"href":"https:\/\/oroverde.gob.ar\/portal\/wp-json\/wp\/v2\/comments?post=4680"}],"version-history":[{"count":57,"href":"https:\/\/oroverde.gob.ar\/portal\/wp-json\/wp\/v2\/pages\/4680\/revisions"}],"predecessor-version":[{"id":7742,"href":"https:\/\/oroverde.gob.ar\/portal\/wp-json\/wp\/v2\/pages\/4680\/revisions\/7742"}],"wp:featuredmedia":[{"embeddable":true,"href":"https:\/\/oroverde.gob.ar\/portal\/wp-json\/wp\/v2\/media\/4677"}],"wp:attachment":[{"href":"https:\/\/oroverde.gob.ar\/portal\/wp-json\/wp\/v2\/media?parent=4680"}],"curies":[{"name":"wp","href":"https:\/\/api.w.org\/{rel}","templated":true}]}}